{"id":11220,"date":"2022-11-18T15:27:38","date_gmt":"2022-11-18T14:27:38","guid":{"rendered":"https:\/\/www.mwm-services.de\/imprint\/"},"modified":"2023-09-11T12:51:21","modified_gmt":"2023-09-11T10:51:21","slug":"imprint","status":"publish","type":"page","link":"https:\/\/www.mwm-services.de\/en\/imprint\/","title":{"rendered":"Imprint"},"content":{"rendered":"\t\t<div data-elementor-type=\"wp-page\" data-elementor-id=\"11220\" class=\"elementor elementor-11220 elementor-2\">\n\t\t\t\t\t\t<section class=\"elementor-section elementor-top-section elementor-element elementor-element-ecf2471 elementor-section-boxed elementor-section-height-default elementor-section-height-default mkdf-parallax-row-no mkdf-content-aligment-left mkdf-elementor-row-grid-no mkdf-disabled-bg-image-bellow-no mkdf-row-btt-light\" data-id=\"ecf2471\" data-element_type=\"section\">\n\t\t\t\t\t\t<div class=\"elementor-container elementor-column-gap-default\">\n\t\t\t\t\t<div class=\"elementor-column elementor-col-100 elementor-top-column elementor-element elementor-element-da206bf\" data-id=\"da206bf\" data-element_type=\"column\">\n\t\t\t<div class=\"elementor-widget-wrap elementor-element-populated\">\n\t\t\t\t\t\t<div class=\"elementor-element elementor-element-c580450 elementor-widget elementor-widget-heading\" data-id=\"c580450\" data-element_type=\"widget\" data-widget_type=\"heading.default\">\n\t\t\t\t<div class=\"elementor-widget-container\">\n\t\t\t\t\t<h4 class=\"elementor-heading-title elementor-size-default\">according to \u00a7 5 TMG<\/h4>\t\t\t\t<\/div>\n\t\t\t\t<\/div>\n\t\t\t\t<div class=\"elementor-element elementor-element-8c4a3fd elementor-widget elementor-widget-text-editor\" data-id=\"8c4a3fd\" data-element_type=\"widget\" data-widget_type=\"text-editor.default\">\n\t\t\t\t<div class=\"elementor-widget-container\">\n\t\t\t\t\t\t\t\t\t<p>MWM Trading &amp; Logistics GmbH<br \/>Bridge road 41<br \/>41238 M\u00f6nchengladbach<\/p>\n\t\t\t\t\t\t\t\t<\/div>\n\t\t\t\t<\/div>\n\t\t\t\t<div class=\"elementor-element elementor-element-6c74c91 elementor-widget elementor-widget-heading\" data-id=\"6c74c91\" data-element_type=\"widget\" data-widget_type=\"heading.default\">\n\t\t\t\t<div class=\"elementor-widget-container\">\n\t\t\t\t\t<h5 class=\"elementor-heading-title elementor-size-default\">Represented by the managing director<\/h5>\t\t\t\t<\/div>\n\t\t\t\t<\/div>\n\t\t\t\t<div class=\"elementor-element elementor-element-da0b899 elementor-widget elementor-widget-text-editor\" data-id=\"da0b899\" data-element_type=\"widget\" data-widget_type=\"text-editor.default\">\n\t\t\t\t<div class=\"elementor-widget-container\">\n\t\t\t\t\t\t\t\t\t<p>Marita Niessen<\/p>\n\t\t\t\t\t\t\t\t<\/div>\n\t\t\t\t<\/div>\n\t\t\t\t<div class=\"elementor-element elementor-element-4fdf2c7 elementor-widget elementor-widget-heading\" data-id=\"4fdf2c7\" data-element_type=\"widget\" data-widget_type=\"heading.default\">\n\t\t\t\t<div class=\"elementor-widget-container\">\n\t\t\t\t\t<h5 class=\"elementor-heading-title elementor-size-default\">Contact<\/h5>\t\t\t\t<\/div>\n\t\t\t\t<\/div>\n\t\t\t\t<div class=\"elementor-element elementor-element-1d611f1 elementor-widget elementor-widget-text-editor\" data-id=\"1d611f1\" data-element_type=\"widget\" data-widget_type=\"text-editor.default\">\n\t\t\t\t<div class=\"elementor-widget-container\">\n\t\t\t\t\t\t\t\t\t<p>Phone: +49 (0)2166 217290<br \/>E-mail: info [at] mwm-services.de<\/p>\n\t\t\t\t\t\t\t\t<\/div>\n\t\t\t\t<\/div>\n\t\t\t\t<div class=\"elementor-element elementor-element-2ba613f elementor-widget elementor-widget-heading\" data-id=\"2ba613f\" data-element_type=\"widget\" data-widget_type=\"heading.default\">\n\t\t\t\t<div class=\"elementor-widget-container\">\n\t\t\t\t\t<h5 class=\"elementor-heading-title elementor-size-default\">Commercial register<\/h5>\t\t\t\t<\/div>\n\t\t\t\t<\/div>\n\t\t\t\t<div class=\"elementor-element elementor-element-c7355e3 elementor-widget elementor-widget-text-editor\" data-id=\"c7355e3\" data-element_type=\"widget\" data-widget_type=\"text-editor.default\">\n\t\t\t\t<div class=\"elementor-widget-container\">\n\t\t\t\t\t\t\t\t\t<p>HRB 21154<\/p>\n\t\t\t\t\t\t\t\t<\/div>\n\t\t\t\t<\/div>\n\t\t\t\t<div class=\"elementor-element elementor-element-e2a42bf elementor-widget elementor-widget-heading\" data-id=\"e2a42bf\" data-element_type=\"widget\" data-widget_type=\"heading.default\">\n\t\t\t\t<div class=\"elementor-widget-container\">\n\t\t\t\t\t<h5 class=\"elementor-heading-title elementor-size-default\">Registry Court<\/h5>\t\t\t\t<\/div>\n\t\t\t\t<\/div>\n\t\t\t\t<div class=\"elementor-element elementor-element-b5e146d elementor-widget elementor-widget-text-editor\" data-id=\"b5e146d\" data-element_type=\"widget\" data-widget_type=\"text-editor.default\">\n\t\t\t\t<div class=\"elementor-widget-container\">\n\t\t\t\t\t\t\t\t\t<p>M\u00f6nchengladbach Local Court<\/p>\n\t\t\t\t\t\t\t\t<\/div>\n\t\t\t\t<\/div>\n\t\t\t\t<div class=\"elementor-element elementor-element-9dc8f70 elementor-widget elementor-widget-heading\" data-id=\"9dc8f70\" data-element_type=\"widget\" data-widget_type=\"heading.default\">\n\t\t\t\t<div class=\"elementor-widget-container\">\n\t\t\t\t\t<h5 class=\"elementor-heading-title elementor-size-default\">Sales tax ID<\/h5>\t\t\t\t<\/div>\n\t\t\t\t<\/div>\n\t\t\t\t<div class=\"elementor-element elementor-element-60d1f33 elementor-widget elementor-widget-text-editor\" data-id=\"60d1f33\" data-element_type=\"widget\" data-widget_type=\"text-editor.default\">\n\t\t\t\t<div class=\"elementor-widget-container\">\n\t\t\t\t\t\t\t\t\t<p>Sales tax identification number according to \u00a727 a sales tax law: DE814483366<\/p>\n\t\t\t\t\t\t\t\t<\/div>\n\t\t\t\t<\/div>\n\t\t\t\t<div class=\"elementor-element elementor-element-fddacaa elementor-widget elementor-widget-heading\" data-id=\"fddacaa\" data-element_type=\"widget\" data-widget_type=\"heading.default\">\n\t\t\t\t<div class=\"elementor-widget-container\">\n\t\t\t\t\t<h5 class=\"elementor-heading-title elementor-size-default\">Source of images &amp; graphics<\/h5>\t\t\t\t<\/div>\n\t\t\t\t<\/div>\n\t\t\t\t<div class=\"elementor-element elementor-element-b6826ed elementor-widget elementor-widget-text-editor\" data-id=\"b6826ed\" data-element_type=\"widget\" data-widget_type=\"text-editor.default\">\n\t\t\t\t<div class=\"elementor-widget-container\">\n\t\t\t\t\t\t\t\t\t<p>MWM Trading &amp; Logistik GmbH, <a href=\"https:\/\/www.bemeni.de\" target=\"_blank\" rel=\"noreferrer noopener\">Bemeni UG (haftungsbeschr\u00e4nkt)<\/a>, <a href=\"https:\/\/stock.adobe.com\/de\/images\/machinery-glyph-icons-on-transparent-background-quality-vector-set-such-as-elevator-truck-cement-mixer-panel-welding-machine-crane-lathe-machine-excavation\/438533849?asset_id=438533849\">AdobeStock_438533849<\/a> \u00a9 <a href=\"https:\/\/stock.adobe.com\/de\/contributor\/209053420\/color-guru?load_type=author&amp;prev_url=detail\">Color Guru<\/a> \u2013 stock.adobe.com, <a href=\"https:\/\/stock.adobe.com\/de\/images\/engineers-and-crane-smiling-dock-worker-holding-radio-and-container-ship-under-bridge-crane-in-port-background\/488135379?asset_id=488135379\" target=\"_blank\" rel=\"noopener\">AdobeStock_488135379<\/a> \u00a9 <a href=\"https:\/\/stock.adobe.com\/de\/contributor\/206333494\/tonjung?load_type=author&amp;prev_url=detail\" target=\"_blank\" rel=\"noopener\">tonjung<\/a> \u2013 stock.adobe.com, <a href=\"https:\/\/qodeinteractive.com\/\">Qode Interactive<\/a>, <a href=\"https:\/\/stock.adobe.com\/de\/images\/old-orange-phone\/194236202?prev_url=detail\" target=\"_blank\" rel=\"noopener\">AdobeStock_194236202<\/a> <span style=\"background-color: #ffffff;\">\u00a9 <a class=\"blue science-text js-contributor-link\" href=\"https:\/\/stock.adobe.com\/de\/contributor\/299402\/magann?load_type=author&amp;prev_url=detail\" target=\"_blank\" rel=\"noopener\" data-ingest-clicktype=\"details-contributor-link\">magann<\/a> &#8211; stock.adobe.com, <a href=\"https:\/\/stock.adobe.com\/de\/images\/transportation-import-export-and-logistics-concept-container-truck-ship-in-port-and-freight-cargo-plane-in-transport-and-import-export-commercial-logistic-shipping-business-industry\/225106094?prev_url=detail\" target=\"_blank\" rel=\"noopener\">AdobeStock_225106094<\/a> \u00a9 <a class=\"blue science-text js-contributor-link\" href=\"https:\/\/stock.adobe.com\/de\/contributor\/205286954\/sittinan?load_type=author&amp;prev_url=detail\" target=\"_blank\" rel=\"noopener\" data-ingest-clicktype=\"details-contributor-link\">sittinan<\/a> &#8211; stock.adobe.com,\u00a0<\/span><\/p>\t\t\t\t\t\t\t\t<\/div>\n\t\t\t\t<\/div>\n\t\t\t\t<div class=\"elementor-element elementor-element-13bf0c9 elementor-widget elementor-widget-heading\" data-id=\"13bf0c9\" data-element_type=\"widget\" data-widget_type=\"heading.default\">\n\t\t\t\t<div class=\"elementor-widget-container\">\n\t\t\t\t\t<h5 class=\"elementor-heading-title elementor-size-default\">EU Dispute Resolution<\/h5>\t\t\t\t<\/div>\n\t\t\t\t<\/div>\n\t\t\t\t<div class=\"elementor-element elementor-element-dfd2f8b elementor-widget elementor-widget-text-editor\" data-id=\"dfd2f8b\" data-element_type=\"widget\" data-widget_type=\"text-editor.default\">\n\t\t\t\t<div class=\"elementor-widget-container\">\n\t\t\t\t\t\t\t\t\t<p>The European Commission provides a platform for online dispute resolution (ODR): <a href=\"https:\/\/ec.europa.eu\/consumers\/odr\" target=\"_blank\" rel=\"noopener noreferrer\">https:\/\/ec.europa.eu\/consumers\/odr.<\/a><br \/>You can find our e-mail address in the imprint above.<\/p>\n\t\t\t\t\t\t\t\t<\/div>\n\t\t\t\t<\/div>\n\t\t\t\t<div class=\"elementor-element elementor-element-2a6334f elementor-widget elementor-widget-heading\" data-id=\"2a6334f\" data-element_type=\"widget\" data-widget_type=\"heading.default\">\n\t\t\t\t<div class=\"elementor-widget-container\">\n\t\t\t\t\t<h5 class=\"elementor-heading-title elementor-size-default\">Consumer dispute resolution\/universal arbitration board<\/h5>\t\t\t\t<\/div>\n\t\t\t\t<\/div>\n\t\t\t\t<div class=\"elementor-element elementor-element-2d43f35 elementor-widget elementor-widget-text-editor\" data-id=\"2d43f35\" data-element_type=\"widget\" data-widget_type=\"text-editor.default\">\n\t\t\t\t<div class=\"elementor-widget-container\">\n\t\t\t\t\t\t\t\t\t<p>We are not willing or obliged to participate in dispute resolution proceedings before a consumer arbitration board.<\/p>\n\t\t\t\t\t\t\t\t<\/div>\n\t\t\t\t<\/div>\n\t\t\t\t\t<\/div>\n\t\t<\/div>\n\t\t\t\t\t<\/div>\n\t\t<\/section>\n\t\t\t\t<section class=\"elementor-section elementor-top-section elementor-element elementor-element-3676d29 elementor-section-boxed elementor-section-height-default elementor-section-height-default mkdf-parallax-row-no mkdf-content-aligment-left mkdf-elementor-row-grid-no mkdf-disabled-bg-image-bellow-no mkdf-row-btt-light\" data-id=\"3676d29\" data-element_type=\"section\">\n\t\t\t\t\t\t<div class=\"elementor-container elementor-column-gap-default\">\n\t\t\t\t\t<div class=\"elementor-column elementor-col-100 elementor-top-column elementor-element elementor-element-13f05ad\" data-id=\"13f05ad\" data-element_type=\"column\">\n\t\t\t<div class=\"elementor-widget-wrap elementor-element-populated\">\n\t\t\t\t\t\t<div class=\"elementor-element elementor-element-4a95e46 elementor-widget elementor-widget-heading\" data-id=\"4a95e46\" data-element_type=\"widget\" data-widget_type=\"heading.default\">\n\t\t\t\t<div class=\"elementor-widget-container\">\n\t\t\t\t\t<h4 class=\"elementor-heading-title elementor-size-default\">Disclaimer<\/h4>\t\t\t\t<\/div>\n\t\t\t\t<\/div>\n\t\t\t\t<div class=\"elementor-element elementor-element-4b1535d elementor-widget elementor-widget-heading\" data-id=\"4b1535d\" data-element_type=\"widget\" data-widget_type=\"heading.default\">\n\t\t\t\t<div class=\"elementor-widget-container\">\n\t\t\t\t\t<h5 class=\"elementor-heading-title elementor-size-default\">Liability for contents<\/h5>\t\t\t\t<\/div>\n\t\t\t\t<\/div>\n\t\t\t\t<div class=\"elementor-element elementor-element-9ac5b67 elementor-widget elementor-widget-text-editor\" data-id=\"9ac5b67\" data-element_type=\"widget\" data-widget_type=\"text-editor.default\">\n\t\t\t\t<div class=\"elementor-widget-container\">\n\t\t\t\t\t\t\t\t\t<p>As a service provider, we are, in accordance with \u00a7 7 para.1 TMG is responsible for its own content on these pages under the general laws. According to \u00a7\u00a7 8 to 10 TMG, however, we are not obligated as a service provider to monitor transmitted or stored third-party information or to investigate circumstances that indicate illegal activity.<\/p>\n<p>Obligations to remove or block the use of information in accordance with general laws remain unaffected. However, liability in this regard is only possible from the time of knowledge of a concrete infringement. If we become aware of any such infringements, we will remove the content in question immediately.<\/p>\t\t\t\t\t\t\t\t<\/div>\n\t\t\t\t<\/div>\n\t\t\t\t<div class=\"elementor-element elementor-element-93882c6 elementor-widget elementor-widget-heading\" data-id=\"93882c6\" data-element_type=\"widget\" data-widget_type=\"heading.default\">\n\t\t\t\t<div class=\"elementor-widget-container\">\n\t\t\t\t\t<h5 class=\"elementor-heading-title elementor-size-default\">Liability for links<\/h5>\t\t\t\t<\/div>\n\t\t\t\t<\/div>\n\t\t\t\t<div class=\"elementor-element elementor-element-29532df elementor-widget elementor-widget-text-editor\" data-id=\"29532df\" data-element_type=\"widget\" data-widget_type=\"text-editor.default\">\n\t\t\t\t<div class=\"elementor-widget-container\">\n\t\t\t\t\t\t\t\t\t<p>Our offer contains links to external websites of third parties, on whose contents we have no influence. Therefore, we cannot assume any liability for these external contents. The respective provider or operator of the pages is always responsible for the content of the linked pages. The linked pages were checked for possible legal violations at the time of linking. Illegal contents were not recognizable at the time of linking.<\/p>\n<p>However, a permanent control of the contents of the linked pages is not reasonable without concrete evidence of a violation of the law. If we become aware of any infringements of the law, we will remove such links immediately.<\/p>\t\t\t\t\t\t\t\t<\/div>\n\t\t\t\t<\/div>\n\t\t\t\t<div class=\"elementor-element elementor-element-74d886f elementor-widget elementor-widget-heading\" data-id=\"74d886f\" data-element_type=\"widget\" data-widget_type=\"heading.default\">\n\t\t\t\t<div class=\"elementor-widget-container\">\n\t\t\t\t\t<h5 class=\"elementor-heading-title elementor-size-default\">Copyright<\/h5>\t\t\t\t<\/div>\n\t\t\t\t<\/div>\n\t\t\t\t<div class=\"elementor-element elementor-element-239e72f elementor-widget elementor-widget-text-editor\" data-id=\"239e72f\" data-element_type=\"widget\" data-widget_type=\"text-editor.default\">\n\t\t\t\t<div class=\"elementor-widget-container\">\n\t\t\t\t\t\t\t\t\t<p>The contents and works created by the site operators on these pages are subject to German copyright law. Duplication, processing, distribution, or any form of commercialization of such material beyond the scope of the copyright law shall require the prior written consent of its respective author or creator. Downloads and copies of this page are only permitted for private, non-commercial use.<\/p>\n<p>Insofar as the content on this page was not created by the operator, the copyrights of third parties are respected. In particular, third-party content is identified as such. Should you nevertheless become aware of a copyright infringement, please inform us accordingly. If we become aware of any infringements, we will remove such content immediately.<\/p>\n\t\t\t\t\t\t\t\t<\/div>\n\t\t\t\t<\/div>\n\t\t\t\t\t<\/div>\n\t\t<\/div>\n\t\t\t\t\t<\/div>\n\t\t<\/section>\n\t\t\t\t<\/div>\n\t\t","protected":false},"excerpt":{"rendered":"<p>according to \u00a7 5 TMG MWM Trading &amp; Logistics GmbHBridge road 4141238 M\u00f6nchengladbach Represented by the managing director Marita Niessen Contact Phone: +49 (0)2166 217290E-mail: info [at] mwm-services.de Commercial register HRB 21154 Registry Court M\u00f6nchengladbach Local Court Sales tax ID [&hellip;]<\/p>\n","protected":false},"author":1,"featured_media":0,"parent":0,"menu_order":0,"comment_status":"closed","ping_status":"open","template":"","meta":{"footnotes":""},"class_list":["post-11220","page","type-page","status-publish","hentry"],"yoast_head":"<!-- This site is optimized with the Yoast SEO plugin v26.5 - https:\/\/yoast.com\/wordpress\/plugins\/seo\/ -->\n<title>Imprint - MWM Trading &amp; Logistik GmbH<\/title>\n<meta name=\"description\" content=\"IMPRINT according to \u00a7 5 TMG: MWM Trading &amp; Logistik GmbH, Br\u00fcckenstra\u00dfe 41, 41238 M\u00f6nchengladbach, represented by the Managing Director Marita Niessen\" \/>\n<meta name=\"robots\" content=\"index, follow, max-snippet:-1, max-image-preview:large, max-video-preview:-1\" \/>\n<link rel=\"canonical\" href=\"https:\/\/www.mwm-services.de\/en\/imprint\/\" \/>\n<meta property=\"og:locale\" content=\"en_US\" \/>\n<meta property=\"og:type\" content=\"article\" \/>\n<meta property=\"og:title\" content=\"Imprint - MWM Trading &amp; Logistik GmbH\" \/>\n<meta property=\"og:description\" content=\"IMPRINT according to \u00a7 5 TMG: MWM Trading &amp; Logistik GmbH, Br\u00fcckenstra\u00dfe 41, 41238 M\u00f6nchengladbach, represented by the Managing Director Marita Niessen\" \/>\n<meta property=\"og:url\" content=\"https:\/\/www.mwm-services.de\/en\/imprint\/\" \/>\n<meta property=\"og:site_name\" content=\"MWM Trading &amp; Logistik GmbH\" \/>\n<meta property=\"article:modified_time\" content=\"2023-09-11T10:51:21+00:00\" \/>\n<meta name=\"twitter:card\" content=\"summary_large_image\" \/>\n<meta name=\"twitter:label1\" content=\"Est. reading time\" \/>\n\t<meta name=\"twitter:data1\" content=\"3 minutes\" \/>\n<script type=\"application\/ld+json\" class=\"yoast-schema-graph\">{\"@context\":\"https:\/\/schema.org\",\"@graph\":[{\"@type\":\"WebPage\",\"@id\":\"https:\/\/www.mwm-services.de\/en\/imprint\/\",\"url\":\"https:\/\/www.mwm-services.de\/en\/imprint\/\",\"name\":\"Imprint - MWM Trading &amp; Logistik GmbH\",\"isPartOf\":{\"@id\":\"https:\/\/www.mwm-services.de\/en\/#website\"},\"datePublished\":\"2022-11-18T14:27:38+00:00\",\"dateModified\":\"2023-09-11T10:51:21+00:00\",\"description\":\"IMPRINT according to \u00a7 5 TMG: MWM Trading & Logistik GmbH, Br\u00fcckenstra\u00dfe 41, 41238 M\u00f6nchengladbach, represented by the Managing Director Marita Niessen\",\"breadcrumb\":{\"@id\":\"https:\/\/www.mwm-services.de\/en\/imprint\/#breadcrumb\"},\"inLanguage\":\"en-US\",\"potentialAction\":[{\"@type\":\"ReadAction\",\"target\":[\"https:\/\/www.mwm-services.de\/en\/imprint\/\"]}]},{\"@type\":\"BreadcrumbList\",\"@id\":\"https:\/\/www.mwm-services.de\/en\/imprint\/#breadcrumb\",\"itemListElement\":[{\"@type\":\"ListItem\",\"position\":1,\"name\":\"Startseite\",\"item\":\"https:\/\/www.mwm-services.de\/en\/\"},{\"@type\":\"ListItem\",\"position\":2,\"name\":\"Imprint\"}]},{\"@type\":\"WebSite\",\"@id\":\"https:\/\/www.mwm-services.de\/en\/#website\",\"url\":\"https:\/\/www.mwm-services.de\/en\/\",\"name\":\"MWM Trading & Logistik GmbH\",\"description\":\"Sale & logistics of cranes, construction machinery and commercial vehicles\",\"publisher\":{\"@id\":\"https:\/\/www.mwm-services.de\/en\/#organization\"},\"alternateName\":\"MWM Ankauf, Verkauf und Vermietung von Kranen\",\"potentialAction\":[{\"@type\":\"SearchAction\",\"target\":{\"@type\":\"EntryPoint\",\"urlTemplate\":\"https:\/\/www.mwm-services.de\/en\/?s={search_term_string}\"},\"query-input\":{\"@type\":\"PropertyValueSpecification\",\"valueRequired\":true,\"valueName\":\"search_term_string\"}}],\"inLanguage\":\"en-US\"},{\"@type\":\"Organization\",\"@id\":\"https:\/\/www.mwm-services.de\/en\/#organization\",\"name\":\"MWM Trading & Logistik GmbH\",\"alternateName\":\"MWM\",\"url\":\"https:\/\/www.mwm-services.de\/en\/\",\"logo\":{\"@type\":\"ImageObject\",\"inLanguage\":\"en-US\",\"@id\":\"https:\/\/www.mwm-services.de\/en\/#\/schema\/logo\/image\/\",\"url\":\"https:\/\/www.mwm-services.de\/wp-content\/uploads\/2022\/11\/Logo-v2-2-1240x520-1.png\",\"contentUrl\":\"https:\/\/www.mwm-services.de\/wp-content\/uploads\/2022\/11\/Logo-v2-2-1240x520-1.png\",\"width\":1240,\"height\":520,\"caption\":\"MWM Trading & Logistik GmbH\"},\"image\":{\"@id\":\"https:\/\/www.mwm-services.de\/en\/#\/schema\/logo\/image\/\"}}]}<\/script>\n<!-- \/ Yoast SEO plugin. -->","yoast_head_json":{"title":"Imprint - MWM Trading &amp; Logistik GmbH","description":"IMPRINT according to \u00a7 5 TMG: MWM Trading & Logistik GmbH, Br\u00fcckenstra\u00dfe 41, 41238 M\u00f6nchengladbach, represented by the Managing Director Marita Niessen","robots":{"index":"index","follow":"follow","max-snippet":"max-snippet:-1","max-image-preview":"max-image-preview:large","max-video-preview":"max-video-preview:-1"},"canonical":"https:\/\/www.mwm-services.de\/en\/imprint\/","og_locale":"en_US","og_type":"article","og_title":"Imprint - MWM Trading &amp; Logistik GmbH","og_description":"IMPRINT according to \u00a7 5 TMG: MWM Trading & Logistik GmbH, Br\u00fcckenstra\u00dfe 41, 41238 M\u00f6nchengladbach, represented by the Managing Director Marita Niessen","og_url":"https:\/\/www.mwm-services.de\/en\/imprint\/","og_site_name":"MWM Trading &amp; Logistik GmbH","article_modified_time":"2023-09-11T10:51:21+00:00","twitter_card":"summary_large_image","twitter_misc":{"Est. reading time":"3 minutes"},"schema":{"@context":"https:\/\/schema.org","@graph":[{"@type":"WebPage","@id":"https:\/\/www.mwm-services.de\/en\/imprint\/","url":"https:\/\/www.mwm-services.de\/en\/imprint\/","name":"Imprint - MWM Trading &amp; Logistik GmbH","isPartOf":{"@id":"https:\/\/www.mwm-services.de\/en\/#website"},"datePublished":"2022-11-18T14:27:38+00:00","dateModified":"2023-09-11T10:51:21+00:00","description":"IMPRINT according to \u00a7 5 TMG: MWM Trading & Logistik GmbH, Br\u00fcckenstra\u00dfe 41, 41238 M\u00f6nchengladbach, represented by the Managing Director Marita Niessen","breadcrumb":{"@id":"https:\/\/www.mwm-services.de\/en\/imprint\/#breadcrumb"},"inLanguage":"en-US","potentialAction":[{"@type":"ReadAction","target":["https:\/\/www.mwm-services.de\/en\/imprint\/"]}]},{"@type":"BreadcrumbList","@id":"https:\/\/www.mwm-services.de\/en\/imprint\/#breadcrumb","itemListElement":[{"@type":"ListItem","position":1,"name":"Startseite","item":"https:\/\/www.mwm-services.de\/en\/"},{"@type":"ListItem","position":2,"name":"Imprint"}]},{"@type":"WebSite","@id":"https:\/\/www.mwm-services.de\/en\/#website","url":"https:\/\/www.mwm-services.de\/en\/","name":"MWM Trading & Logistik GmbH","description":"Sale & logistics of cranes, construction machinery and commercial vehicles","publisher":{"@id":"https:\/\/www.mwm-services.de\/en\/#organization"},"alternateName":"MWM Ankauf, Verkauf und Vermietung von Kranen","potentialAction":[{"@type":"SearchAction","target":{"@type":"EntryPoint","urlTemplate":"https:\/\/www.mwm-services.de\/en\/?s={search_term_string}"},"query-input":{"@type":"PropertyValueSpecification","valueRequired":true,"valueName":"search_term_string"}}],"inLanguage":"en-US"},{"@type":"Organization","@id":"https:\/\/www.mwm-services.de\/en\/#organization","name":"MWM Trading & Logistik GmbH","alternateName":"MWM","url":"https:\/\/www.mwm-services.de\/en\/","logo":{"@type":"ImageObject","inLanguage":"en-US","@id":"https:\/\/www.mwm-services.de\/en\/#\/schema\/logo\/image\/","url":"https:\/\/www.mwm-services.de\/wp-content\/uploads\/2022\/11\/Logo-v2-2-1240x520-1.png","contentUrl":"https:\/\/www.mwm-services.de\/wp-content\/uploads\/2022\/11\/Logo-v2-2-1240x520-1.png","width":1240,"height":520,"caption":"MWM Trading & Logistik GmbH"},"image":{"@id":"https:\/\/www.mwm-services.de\/en\/#\/schema\/logo\/image\/"}}]}},"_links":{"self":[{"href":"https:\/\/www.mwm-services.de\/en\/wp-json\/wp\/v2\/pages\/11220","targetHints":{"allow":["GET"]}}],"collection":[{"href":"https:\/\/www.mwm-services.de\/en\/wp-json\/wp\/v2\/pages"}],"about":[{"href":"https:\/\/www.mwm-services.de\/en\/wp-json\/wp\/v2\/types\/page"}],"author":[{"embeddable":true,"href":"https:\/\/www.mwm-services.de\/en\/wp-json\/wp\/v2\/users\/1"}],"replies":[{"embeddable":true,"href":"https:\/\/www.mwm-services.de\/en\/wp-json\/wp\/v2\/comments?post=11220"}],"version-history":[{"count":10,"href":"https:\/\/www.mwm-services.de\/en\/wp-json\/wp\/v2\/pages\/11220\/revisions"}],"predecessor-version":[{"id":11867,"href":"https:\/\/www.mwm-services.de\/en\/wp-json\/wp\/v2\/pages\/11220\/revisions\/11867"}],"wp:attachment":[{"href":"https:\/\/www.mwm-services.de\/en\/wp-json\/wp\/v2\/media?parent=11220"}],"curies":[{"name":"wp","href":"https:\/\/api.w.org\/{rel}","templated":true}]}}