{"id":11231,"date":"2018-12-18T10:02:14","date_gmt":"2018-12-18T09:02:14","guid":{"rendered":"https:\/\/www.mwm-services.de\/contact\/"},"modified":"2024-01-10T15:13:56","modified_gmt":"2024-01-10T14:13:56","slug":"contact","status":"publish","type":"page","link":"https:\/\/www.mwm-services.de\/en\/contact\/","title":{"rendered":"Contact"},"content":{"rendered":"\t\t<div data-elementor-type=\"wp-page\" data-elementor-id=\"11231\" class=\"elementor elementor-11231 elementor-1743\">\n\t\t\t\t\t\t<section class=\"elementor-section elementor-top-section elementor-element elementor-element-93e406d elementor-section-full_width elementor-section-height-default elementor-section-height-default mkdf-parallax-row-no mkdf-content-aligment-left mkdf-elementor-row-grid-no mkdf-disabled-bg-image-bellow-no mkdf-row-btt-light\" data-id=\"93e406d\" data-element_type=\"section\">\n\t\t\t\t\t\t<div class=\"elementor-container elementor-column-gap-default\">\n\t\t\t\t\t<div class=\"elementor-column elementor-col-50 elementor-top-column elementor-element elementor-element-408cd7b\" data-id=\"408cd7b\" data-element_type=\"column\">\n\t\t\t<div class=\"elementor-widget-wrap elementor-element-populated\">\n\t\t\t\t\t\t<div class=\"elementor-element elementor-element-9f8511a elementor-widget elementor-widget-mkdf_cf7\" data-id=\"9f8511a\" data-element_type=\"widget\" data-widget_type=\"mkdf_cf7.default\">\n\t\t\t\t<div class=\"elementor-widget-container\">\n\t\t\t\t\t    \n<div class=\"wpcf7 no-js\" id=\"wpcf7-f11417-o1\" lang=\"de-DE\" dir=\"ltr\" data-wpcf7-id=\"11417\">\n<div class=\"screen-reader-response\"><p role=\"status\" aria-live=\"polite\" aria-atomic=\"true\"><\/p> <ul><\/ul><\/div>\n<form action=\"\/en\/wp-json\/wp\/v2\/pages\/11231#wpcf7-f11417-o1\" method=\"post\" class=\"wpcf7-form init cf7_custom_style_1\" aria-label=\"Kontaktformular\" novalidate=\"novalidate\" data-status=\"init\">\n<fieldset class=\"hidden-fields-container\"><input type=\"hidden\" name=\"_wpcf7\" value=\"11417\" \/><input type=\"hidden\" name=\"_wpcf7_version\" value=\"6.1.4\" \/><input type=\"hidden\" name=\"_wpcf7_locale\" value=\"de_DE\" \/><input type=\"hidden\" name=\"_wpcf7_unit_tag\" value=\"wpcf7-f11417-o1\" \/><input type=\"hidden\" name=\"_wpcf7_container_post\" value=\"0\" \/><input type=\"hidden\" name=\"_wpcf7_posted_data_hash\" value=\"\" \/><input type=\"hidden\" name=\"_wpcf7_recaptcha_response\" value=\"\" \/>\n<\/fieldset>\n<label> Your name*\n    <span class=\"wpcf7-form-control-wrap\" data-name=\"your-name\"><input size=\"40\" maxlength=\"400\" class=\"wpcf7-form-control wpcf7-text wpcf7-validates-as-required\" aria-required=\"true\" aria-invalid=\"false\" value=\"\" type=\"text\" name=\"your-name\" \/><\/span> <\/label>\n\n<label> Your email*\n    <span class=\"wpcf7-form-control-wrap\" data-name=\"your-email\"><input size=\"40\" maxlength=\"400\" class=\"wpcf7-form-control wpcf7-email wpcf7-validates-as-required wpcf7-text wpcf7-validates-as-email\" aria-required=\"true\" aria-invalid=\"false\" value=\"\" type=\"email\" name=\"your-email\" \/><\/span> <\/label>\n<label> Your phonenumber*\n    <span class=\"wpcf7-form-control-wrap\" data-name=\"phonetext-30\"><input size=\"40\" class=\"wpcf7-form-control wpcf7-phonetext wpcf7-validates-as-required wpcf7-text wpcf7-validates-as-phonetext\" aria-required=\"true\" aria-invalid=\"false\" value=\"\" type=\"text\" name=\"phonetext-30\" \/><input type=\"hidden\" name=\"phonetext-30-country-code\" class=\"wpcf7-phonetext-country-code\" \/><\/span> <\/label>\n\n<\/br><label> Subject*\n    <span class=\"wpcf7-form-control-wrap\" data-name=\"your-subject\"><input size=\"40\" maxlength=\"400\" class=\"wpcf7-form-control wpcf7-text wpcf7-validates-as-required\" aria-required=\"true\" aria-invalid=\"false\" value=\"\" type=\"text\" name=\"your-subject\" \/><\/span> <\/label>\n\n<label> Your Message (optional)\n    <span class=\"wpcf7-form-control-wrap\" data-name=\"your-message\"><textarea cols=\"40\" rows=\"10\" maxlength=\"2000\" class=\"wpcf7-form-control wpcf7-textarea\" aria-invalid=\"false\" name=\"your-message\"><\/textarea><\/span> <\/label>\n<label><span class=\"wpcf7-form-control-wrap\" data-name=\"acceptance-607\"><span class=\"wpcf7-form-control wpcf7-acceptance\"><span class=\"wpcf7-list-item\"><label><input type=\"checkbox\" name=\"acceptance-607\" value=\"1\" aria-invalid=\"false\" \/><span class=\"wpcf7-list-item-label\">By entering your email address, you agree to our <a href=\"https:\/\/mwm-services.de\/en\/privacy-policy\/\">privacy policy<\/a>.<\/span><\/label><\/span><\/span><\/span><\/label>\n<\/br><\/br>\n<button class=\"wpcf7-form-control wpcf7-submit mkdf-btn mkdf-btn-medium mkdf-btn-solid\" type=\"submit\"><span class=\"mkdf-btn-text\">Send<\/span><\/button><div class=\"wpcf7-response-output\" aria-hidden=\"true\"><\/div>\n<\/form>\n<\/div>\n\t\t\t\t<\/div>\n\t\t\t\t<\/div>\n\t\t\t\t\t<\/div>\n\t\t<\/div>\n\t\t\t\t<div class=\"elementor-column elementor-col-50 elementor-top-column elementor-element elementor-element-60090e2\" data-id=\"60090e2\" data-element_type=\"column\" data-settings=\"{&quot;background_background&quot;:&quot;classic&quot;}\">\n\t\t\t<div class=\"elementor-widget-wrap elementor-element-populated\">\n\t\t\t\t\t\t<section class=\"elementor-section elementor-inner-section elementor-element elementor-element-3e8bc7f elementor-section-boxed elementor-section-height-default elementor-section-height-default mkdf-parallax-row-no mkdf-content-aligment-left mkdf-elementor-row-grid-no mkdf-disabled-bg-image-bellow-no mkdf-row-btt-light\" data-id=\"3e8bc7f\" data-element_type=\"section\">\n\t\t\t\t\t\t<div class=\"elementor-container elementor-column-gap-default\">\n\t\t\t\t\t<div class=\"elementor-column elementor-col-100 elementor-inner-column elementor-element elementor-element-4003ab4\" data-id=\"4003ab4\" data-element_type=\"column\">\n\t\t\t<div class=\"elementor-widget-wrap elementor-element-populated\">\n\t\t\t\t\t\t<div class=\"elementor-element elementor-element-cd7d258 elementor-widget elementor-widget-mkdf_section_title\" data-id=\"cd7d258\" data-element_type=\"widget\" data-widget_type=\"mkdf_section_title.default\">\n\t\t\t\t<div class=\"elementor-widget-container\">\n\t\t\t\t\t<div class=\"mkdf-section-title-holder  mkdf-st-standard   \" >\n\t<div class=\"mkdf-st-inner\">\n                    <h6 class=\"mkdf-st-intro-title\" style=\"color: #FFFFFF\">\n                Contact            <\/h6>\n        \t\t\t\t\t<h2 class=\"mkdf-st-title\" style=\"color: #FFFFFF\">\n\t\t\t\tContact us now<br \/>\t\t\t<\/h2>\n\t\t\t\t\t<\/div>\n<\/div>\t\t\t\t<\/div>\n\t\t\t\t<\/div>\n\t\t\t\t<div class=\"elementor-element elementor-element-f849398 elementor-widget elementor-widget-text-editor\" data-id=\"f849398\" data-element_type=\"widget\" data-widget_type=\"text-editor.default\">\n\t\t\t\t<div class=\"elementor-widget-container\">\n\t\t\t\t\t\t\t\t\t<p><span style=\"color: #ffffff;\">MWM Trading &amp; Logistik GmbH<br \/>Br\u00fcckenstra\u00dfe 41<br \/>41238 M\u00f6nchengladbach<br \/>Germany <\/span><\/p>\t\t\t\t\t\t\t\t<\/div>\n\t\t\t\t<\/div>\n\t\t\t\t<div class=\"elementor-element elementor-element-bc25b42 elementor-widget elementor-widget-text-editor\" data-id=\"bc25b42\" data-element_type=\"widget\" data-widget_type=\"text-editor.default\">\n\t\t\t\t<div class=\"elementor-widget-container\">\n\t\t\t\t\t\t\t\t\t<span style=\"color: #ffffff;\">Mail: info [at] mwm-services.de\n<\/br>\nPhone: +49 (0)2166 217290<\/span>\t\t\t\t\t\t\t\t<\/div>\n\t\t\t\t<\/div>\n\t\t\t\t<div class=\"elementor-element elementor-element-61b3216 elementor-widget elementor-widget-text-editor\" data-id=\"61b3216\" data-element_type=\"widget\" data-widget_type=\"text-editor.default\">\n\t\t\t\t<div class=\"elementor-widget-container\">\n\t\t\t\t\t\t\t\t\t<h4><span style=\"color: #ffffff;\"><a style=\"color: #ffffff;\">Follow us:<\/a><\/span><\/h4>\n\t\t\t\t\t\t\t\t<\/div>\n\t\t\t\t<\/div>\n\t\t\t\t\t<\/div>\n\t\t<\/div>\n\t\t\t\t\t<\/div>\n\t\t<\/section>\n\t\t\t\t<div class=\"elementor-element elementor-element-46c4195 elementor-shape-square e-grid-align-left elementor-grid-0 elementor-widget elementor-widget-social-icons\" data-id=\"46c4195\" data-element_type=\"widget\" data-widget_type=\"social-icons.default\">\n\t\t\t\t<div class=\"elementor-widget-container\">\n\t\t\t\t\t\t\t<div class=\"elementor-social-icons-wrapper elementor-grid\" role=\"list\">\n\t\t\t\t\t\t\t<span class=\"elementor-grid-item\" role=\"listitem\">\n\t\t\t\t\t<a class=\"elementor-icon elementor-social-icon elementor-social-icon-facebook elementor-repeater-item-5fb3046\" href=\"#\" target=\"_blank\">\n\t\t\t\t\t\t<span class=\"elementor-screen-only\">Facebook<\/span>\n\t\t\t\t\t\t<i aria-hidden=\"true\" class=\"fab fa-facebook\"><\/i>\t\t\t\t\t<\/a>\n\t\t\t\t<\/span>\n\t\t\t\t\t\t\t<span class=\"elementor-grid-item\" role=\"listitem\">\n\t\t\t\t\t<a class=\"elementor-icon elementor-social-icon elementor-social-icon-linkedin elementor-repeater-item-838ef13\" href=\"https:\/\/www.linkedin.com\/company\/mwm-trading-&#038;-logistik-gmbh\" target=\"_blank\">\n\t\t\t\t\t\t<span class=\"elementor-screen-only\">Linkedin<\/span>\n\t\t\t\t\t\t<i aria-hidden=\"true\" class=\"fab fa-linkedin\"><\/i>\t\t\t\t\t<\/a>\n\t\t\t\t<\/span>\n\t\t\t\t\t\t\t<span class=\"elementor-grid-item\" role=\"listitem\">\n\t\t\t\t\t<a class=\"elementor-icon elementor-social-icon elementor-social-icon-pinterest elementor-repeater-item-f7a1a85\" href=\"#\" target=\"_blank\">\n\t\t\t\t\t\t<span class=\"elementor-screen-only\">Pinterest<\/span>\n\t\t\t\t\t\t<i aria-hidden=\"true\" class=\"fab fa-pinterest\"><\/i>\t\t\t\t\t<\/a>\n\t\t\t\t<\/span>\n\t\t\t\t\t<\/div>\n\t\t\t\t\t\t<\/div>\n\t\t\t\t<\/div>\n\t\t\t\t\t<\/div>\n\t\t<\/div>\n\t\t\t\t\t<\/div>\n\t\t<\/section>\n\t\t\t\t<\/div>\n\t\t","protected":false},"excerpt":{"rendered":"<p>Your name* Your email* Your phonenumber* Subject* Your Message (optional) By entering your email address, you agree to our privacy policy. Send Contact Contact us now MWM Trading &amp; Logistik GmbHBr\u00fcckenstra\u00dfe 4141238 M\u00f6nchengladbachGermany Mail: info [at] mwm-services.de Phone: +49 (0)2166 [&hellip;]<\/p>\n","protected":false},"author":1,"featured_media":0,"parent":0,"menu_order":0,"comment_status":"closed","ping_status":"closed","template":"full-width.php","meta":{"footnotes":""},"class_list":["post-11231","page","type-page","status-publish","hentry"],"yoast_head":"<!-- This site is optimized with the Yoast SEO plugin v26.5 - https:\/\/yoast.com\/wordpress\/plugins\/seo\/ -->\n<title>Contact - MWM Trading &amp; Logistik GmbH<\/title>\n<meta name=\"description\" content=\"Please contact us for further informations. We are happy to hear from you.\" \/>\n<meta name=\"robots\" content=\"index, follow, max-snippet:-1, max-image-preview:large, max-video-preview:-1\" \/>\n<link rel=\"canonical\" href=\"https:\/\/www.mwm-services.de\/en\/contact\/\" \/>\n<meta property=\"og:locale\" content=\"en_US\" \/>\n<meta property=\"og:type\" content=\"article\" \/>\n<meta property=\"og:title\" content=\"Contact - MWM Trading &amp; Logistik GmbH\" \/>\n<meta property=\"og:description\" content=\"Please contact us for further informations. We are happy to hear from you.\" \/>\n<meta property=\"og:url\" content=\"https:\/\/www.mwm-services.de\/en\/contact\/\" \/>\n<meta property=\"og:site_name\" content=\"MWM Trading &amp; Logistik GmbH\" \/>\n<meta property=\"article:modified_time\" content=\"2024-01-10T14:13:56+00:00\" \/>\n<meta name=\"twitter:card\" content=\"summary_large_image\" \/>\n<meta name=\"twitter:label1\" content=\"Est. reading time\" \/>\n\t<meta name=\"twitter:data1\" content=\"1 minute\" \/>\n<script type=\"application\/ld+json\" class=\"yoast-schema-graph\">{\"@context\":\"https:\/\/schema.org\",\"@graph\":[{\"@type\":\"WebPage\",\"@id\":\"https:\/\/www.mwm-services.de\/en\/contact\/\",\"url\":\"https:\/\/www.mwm-services.de\/en\/contact\/\",\"name\":\"Contact - MWM Trading &amp; Logistik GmbH\",\"isPartOf\":{\"@id\":\"https:\/\/www.mwm-services.de\/en\/#website\"},\"datePublished\":\"2018-12-18T09:02:14+00:00\",\"dateModified\":\"2024-01-10T14:13:56+00:00\",\"description\":\"Please contact us for further informations. We are happy to hear from you.\",\"breadcrumb\":{\"@id\":\"https:\/\/www.mwm-services.de\/en\/contact\/#breadcrumb\"},\"inLanguage\":\"en-US\",\"potentialAction\":[{\"@type\":\"ReadAction\",\"target\":[\"https:\/\/www.mwm-services.de\/en\/contact\/\"]}]},{\"@type\":\"BreadcrumbList\",\"@id\":\"https:\/\/www.mwm-services.de\/en\/contact\/#breadcrumb\",\"itemListElement\":[{\"@type\":\"ListItem\",\"position\":1,\"name\":\"Startseite\",\"item\":\"https:\/\/www.mwm-services.de\/en\/\"},{\"@type\":\"ListItem\",\"position\":2,\"name\":\"Contact\"}]},{\"@type\":\"WebSite\",\"@id\":\"https:\/\/www.mwm-services.de\/en\/#website\",\"url\":\"https:\/\/www.mwm-services.de\/en\/\",\"name\":\"MWM Trading & Logistik GmbH\",\"description\":\"Sale & logistics of cranes, construction machinery and commercial vehicles\",\"publisher\":{\"@id\":\"https:\/\/www.mwm-services.de\/en\/#organization\"},\"alternateName\":\"MWM Ankauf, Verkauf und Vermietung von Kranen\",\"potentialAction\":[{\"@type\":\"SearchAction\",\"target\":{\"@type\":\"EntryPoint\",\"urlTemplate\":\"https:\/\/www.mwm-services.de\/en\/?s={search_term_string}\"},\"query-input\":{\"@type\":\"PropertyValueSpecification\",\"valueRequired\":true,\"valueName\":\"search_term_string\"}}],\"inLanguage\":\"en-US\"},{\"@type\":\"Organization\",\"@id\":\"https:\/\/www.mwm-services.de\/en\/#organization\",\"name\":\"MWM Trading & Logistik GmbH\",\"alternateName\":\"MWM\",\"url\":\"https:\/\/www.mwm-services.de\/en\/\",\"logo\":{\"@type\":\"ImageObject\",\"inLanguage\":\"en-US\",\"@id\":\"https:\/\/www.mwm-services.de\/en\/#\/schema\/logo\/image\/\",\"url\":\"https:\/\/www.mwm-services.de\/wp-content\/uploads\/2022\/11\/Logo-v2-2-1240x520-1.png\",\"contentUrl\":\"https:\/\/www.mwm-services.de\/wp-content\/uploads\/2022\/11\/Logo-v2-2-1240x520-1.png\",\"width\":1240,\"height\":520,\"caption\":\"MWM Trading & Logistik GmbH\"},\"image\":{\"@id\":\"https:\/\/www.mwm-services.de\/en\/#\/schema\/logo\/image\/\"}}]}<\/script>\n<!-- \/ Yoast SEO plugin. -->","yoast_head_json":{"title":"Contact - MWM Trading &amp; Logistik GmbH","description":"Please contact us for further informations. We are happy to hear from you.","robots":{"index":"index","follow":"follow","max-snippet":"max-snippet:-1","max-image-preview":"max-image-preview:large","max-video-preview":"max-video-preview:-1"},"canonical":"https:\/\/www.mwm-services.de\/en\/contact\/","og_locale":"en_US","og_type":"article","og_title":"Contact - MWM Trading &amp; Logistik GmbH","og_description":"Please contact us for further informations. We are happy to hear from you.","og_url":"https:\/\/www.mwm-services.de\/en\/contact\/","og_site_name":"MWM Trading &amp; Logistik GmbH","article_modified_time":"2024-01-10T14:13:56+00:00","twitter_card":"summary_large_image","twitter_misc":{"Est. reading time":"1 minute"},"schema":{"@context":"https:\/\/schema.org","@graph":[{"@type":"WebPage","@id":"https:\/\/www.mwm-services.de\/en\/contact\/","url":"https:\/\/www.mwm-services.de\/en\/contact\/","name":"Contact - MWM Trading &amp; Logistik GmbH","isPartOf":{"@id":"https:\/\/www.mwm-services.de\/en\/#website"},"datePublished":"2018-12-18T09:02:14+00:00","dateModified":"2024-01-10T14:13:56+00:00","description":"Please contact us for further informations. We are happy to hear from you.","breadcrumb":{"@id":"https:\/\/www.mwm-services.de\/en\/contact\/#breadcrumb"},"inLanguage":"en-US","potentialAction":[{"@type":"ReadAction","target":["https:\/\/www.mwm-services.de\/en\/contact\/"]}]},{"@type":"BreadcrumbList","@id":"https:\/\/www.mwm-services.de\/en\/contact\/#breadcrumb","itemListElement":[{"@type":"ListItem","position":1,"name":"Startseite","item":"https:\/\/www.mwm-services.de\/en\/"},{"@type":"ListItem","position":2,"name":"Contact"}]},{"@type":"WebSite","@id":"https:\/\/www.mwm-services.de\/en\/#website","url":"https:\/\/www.mwm-services.de\/en\/","name":"MWM Trading & Logistik GmbH","description":"Sale & logistics of cranes, construction machinery and commercial vehicles","publisher":{"@id":"https:\/\/www.mwm-services.de\/en\/#organization"},"alternateName":"MWM Ankauf, Verkauf und Vermietung von Kranen","potentialAction":[{"@type":"SearchAction","target":{"@type":"EntryPoint","urlTemplate":"https:\/\/www.mwm-services.de\/en\/?s={search_term_string}"},"query-input":{"@type":"PropertyValueSpecification","valueRequired":true,"valueName":"search_term_string"}}],"inLanguage":"en-US"},{"@type":"Organization","@id":"https:\/\/www.mwm-services.de\/en\/#organization","name":"MWM Trading & Logistik GmbH","alternateName":"MWM","url":"https:\/\/www.mwm-services.de\/en\/","logo":{"@type":"ImageObject","inLanguage":"en-US","@id":"https:\/\/www.mwm-services.de\/en\/#\/schema\/logo\/image\/","url":"https:\/\/www.mwm-services.de\/wp-content\/uploads\/2022\/11\/Logo-v2-2-1240x520-1.png","contentUrl":"https:\/\/www.mwm-services.de\/wp-content\/uploads\/2022\/11\/Logo-v2-2-1240x520-1.png","width":1240,"height":520,"caption":"MWM Trading & Logistik GmbH"},"image":{"@id":"https:\/\/www.mwm-services.de\/en\/#\/schema\/logo\/image\/"}}]}},"_links":{"self":[{"href":"https:\/\/www.mwm-services.de\/en\/wp-json\/wp\/v2\/pages\/11231","targetHints":{"allow":["GET"]}}],"collection":[{"href":"https:\/\/www.mwm-services.de\/en\/wp-json\/wp\/v2\/pages"}],"about":[{"href":"https:\/\/www.mwm-services.de\/en\/wp-json\/wp\/v2\/types\/page"}],"author":[{"embeddable":true,"href":"https:\/\/www.mwm-services.de\/en\/wp-json\/wp\/v2\/users\/1"}],"replies":[{"embeddable":true,"href":"https:\/\/www.mwm-services.de\/en\/wp-json\/wp\/v2\/comments?post=11231"}],"version-history":[{"count":13,"href":"https:\/\/www.mwm-services.de\/en\/wp-json\/wp\/v2\/pages\/11231\/revisions"}],"predecessor-version":[{"id":11991,"href":"https:\/\/www.mwm-services.de\/en\/wp-json\/wp\/v2\/pages\/11231\/revisions\/11991"}],"wp:attachment":[{"href":"https:\/\/www.mwm-services.de\/en\/wp-json\/wp\/v2\/media?parent=11231"}],"curies":[{"name":"wp","href":"https:\/\/api.w.org\/{rel}","templated":true}]}}